{"id":29,"date":"2020-07-15T11:38:29","date_gmt":"2020-07-15T16:38:29","guid":{"rendered":"https:\/\/www.plasticosmonaco.com\/?page_id=29"},"modified":"2020-08-18T11:16:06","modified_gmt":"2020-08-18T16:16:06","slug":"nosotros","status":"publish","type":"page","link":"https:\/\/www.plasticosmonaco.com\/inicio\/nosotros\/","title":{"rendered":"NUESTRA EMPRESA"},"content":{"rendered":"\t\t<div data-elementor-type=\"wp-page\" data-elementor-id=\"29\" class=\"elementor elementor-29\">\n\t\t\t\t\t\t<section class=\"elementor-section elementor-top-section elementor-element elementor-element-c441237 elementor-section-height-min-height elementor-section-boxed elementor-section-height-default elementor-section-items-middle\" data-id=\"c441237\" data-element_type=\"section\" data-settings=\"{&quot;background_background&quot;:&quot;gradient&quot;}\">\n\t\t\t\t\t\t<div class=\"elementor-container elementor-column-gap-extended\">\n\t\t\t\t\t<div class=\"elementor-column elementor-col-50 elementor-top-column elementor-element elementor-element-5c78283\" data-id=\"5c78283\" data-element_type=\"column\">\n\t\t\t<div class=\"elementor-widget-wrap elementor-element-populated\">\n\t\t\t\t\t\t<div class=\"elementor-element elementor-element-77b3f5d elementor-widget elementor-widget-text-editor\" data-id=\"77b3f5d\" data-element_type=\"widget\" data-widget_type=\"text-editor.default\">\n\t\t\t\t<div class=\"elementor-widget-container\">\n\t\t\t\t\t\t\t<h2 style=\"text-align: center;\"><span style=\"color: #ffffff;\">Misi\u00f3n<\/span><\/h2>\t\t\t\t\t\t<\/div>\n\t\t\t\t<\/div>\n\t\t\t\t<div class=\"elementor-element elementor-element-73fc7e2 elementor-widget elementor-widget-text-editor\" data-id=\"73fc7e2\" data-element_type=\"widget\" data-widget_type=\"text-editor.default\">\n\t\t\t\t<div class=\"elementor-widget-container\">\n\t\t\t\t\t\t\t<p style=\"text-align: left;\"><span style=\"color: #ffffff;\">Producir y comercializar productos pl\u00e1sticos a nivel nacional el internacional dentro de un mercado competitivo buscando la satisfacci\u00f3n el cliente logrando productos de la m\u00e1s alta calidad.<\/span><\/p>\t\t\t\t\t\t<\/div>\n\t\t\t\t<\/div>\n\t\t\t\t\t<\/div>\n\t\t<\/div>\n\t\t\t\t<div class=\"elementor-column elementor-col-50 elementor-top-column elementor-element elementor-element-efe7375\" data-id=\"efe7375\" data-element_type=\"column\">\n\t\t\t<div class=\"elementor-widget-wrap elementor-element-populated\">\n\t\t\t\t\t\t<div class=\"elementor-element elementor-element-213a5b0 elementor-widget elementor-widget-text-editor\" data-id=\"213a5b0\" data-element_type=\"widget\" data-widget_type=\"text-editor.default\">\n\t\t\t\t<div class=\"elementor-widget-container\">\n\t\t\t\t\t\t\t<h2 style=\"text-align: center;\"><span style=\"color: #ffffff;\">Visi\u00f3n<\/span><\/h2>\t\t\t\t\t\t<\/div>\n\t\t\t\t<\/div>\n\t\t\t\t<div class=\"elementor-element elementor-element-e8e3d1e elementor-widget elementor-widget-text-editor\" data-id=\"e8e3d1e\" data-element_type=\"widget\" data-widget_type=\"text-editor.default\">\n\t\t\t\t<div class=\"elementor-widget-container\">\n\t\t\t\t\t\t\t<p style=\"text-align: left;\"><span style=\"color: #ffffff;\">Fortalecer el liderazgo de la compa\u00f1\u00eda ofreciendo una gran variedad de productos aumentando la cobertura de clientes obteniendo un crecimiento de las ventas y una concientizaci\u00f3n ambiental.<\/span><\/p>\t\t\t\t\t\t<\/div>\n\t\t\t\t<\/div>\n\t\t\t\t\t<\/div>\n\t\t<\/div>\n\t\t\t\t\t<\/div>\n\t\t<\/section>\n\t\t\t\t<section class=\"elementor-section elementor-top-section elementor-element elementor-element-40580c7 elementor-section-height-min-height elementor-section-boxed elementor-section-height-default elementor-section-items-middle\" data-id=\"40580c7\" data-element_type=\"section\" data-settings=\"{&quot;background_background&quot;:&quot;gradient&quot;}\">\n\t\t\t\t\t\t<div class=\"elementor-container elementor-column-gap-default\">\n\t\t\t\t\t<div class=\"elementor-column elementor-col-100 elementor-top-column elementor-element elementor-element-c3117f9\" data-id=\"c3117f9\" data-element_type=\"column\">\n\t\t\t<div class=\"elementor-widget-wrap elementor-element-populated\">\n\t\t\t\t\t\t<div class=\"elementor-element elementor-element-cc5dad2 elementor-widget elementor-widget-text-editor\" data-id=\"cc5dad2\" data-element_type=\"widget\" data-widget_type=\"text-editor.default\">\n\t\t\t\t<div class=\"elementor-widget-container\">\n\t\t\t\t\t\t\t<h2 style=\"text-align: center;\"><span style=\"color: #808080;\">D \u00a0E \u00a0S \u00a0D \u00a0E \u00a0 \u00a0 \u00a0 \u00a0 \u00a0 \u00a01982 \u00a0 \u00a0<\/span><\/h2>\t\t\t\t\t\t<\/div>\n\t\t\t\t<\/div>\n\t\t\t\t<div class=\"elementor-element elementor-element-042780f elementor-widget elementor-widget-text-editor\" data-id=\"042780f\" data-element_type=\"widget\" data-widget_type=\"text-editor.default\">\n\t\t\t\t<div class=\"elementor-widget-container\">\n\t\t\t\t\t\t\t<h2 style=\"text-align: center;\"><span style=\"color: #ffffff;\">Nuestra Historia<\/span><\/h2>\t\t\t\t\t\t<\/div>\n\t\t\t\t<\/div>\n\t\t\t\t<div class=\"elementor-element elementor-element-60e993a elementor-widget elementor-widget-text-editor\" data-id=\"60e993a\" data-element_type=\"widget\" data-widget_type=\"text-editor.default\">\n\t\t\t\t<div class=\"elementor-widget-container\">\n\t\t\t\t\t\t\t<p><span style=\"color: #ffffff;\">Industria 100% colombiana fundada en 1982, la cual a trav\u00e9s de estos a\u00f1os ha logrado mantener un crecimiento constante en el mercado gracias a inversi\u00f3n en tecnolog\u00eda y desarrollo constante de nuevos productos.<\/span><\/p><p><span style=\"color: #ffffff;\">A lo largo de estos a\u00f1os hemos logrado conformar un grupo de talento humano el cual basado en experiencia y capacitaci\u00f3n, es la base para que gracias a la tecnolog\u00eda de punta que actualmente manejamos podamos ofrecer al mercado productos que satisfacen totalmente la expectativa de nuestros clientes, soportados a trav\u00e9s de un departamento t\u00e9cnico el cual da permanente respaldo y asesor\u00eda.<\/span><\/p><p><span style=\"color: #ffffff;\">Nuestras instalaciones cuentan con todos los est\u00e1ndares exigidos para la elaboraci\u00f3n de productos totalmente as\u00e9pticos y dentro de los est\u00e1ndares y normas de calidad y seguridad actualmente exigidos por la normatividad vigente.<\/span><\/p>\t\t\t\t\t\t<\/div>\n\t\t\t\t<\/div>\n\t\t\t\t\t<\/div>\n\t\t<\/div>\n\t\t\t\t\t<\/div>\n\t\t<\/section>\n\t\t\t\t<section class=\"elementor-section elementor-top-section elementor-element elementor-element-052f07a elementor-section-boxed elementor-section-height-default elementor-section-height-default\" data-id=\"052f07a\" data-element_type=\"section\">\n\t\t\t\t\t\t<div class=\"elementor-container elementor-column-gap-default\">\n\t\t\t\t\t<div class=\"elementor-column elementor-col-100 elementor-top-column elementor-element elementor-element-dd336cc\" data-id=\"dd336cc\" data-element_type=\"column\">\n\t\t\t<div class=\"elementor-widget-wrap elementor-element-populated\">\n\t\t\t\t\t\t<div class=\"elementor-element elementor-element-ccd2396 elementor-widget elementor-widget-spacer\" data-id=\"ccd2396\" data-element_type=\"widget\" data-widget_type=\"spacer.default\">\n\t\t\t\t<div class=\"elementor-widget-container\">\n\t\t\t\t\t<div class=\"elementor-spacer\">\n\t\t\t<div class=\"elementor-spacer-inner\"><\/div>\n\t\t<\/div>\n\t\t\t\t<\/div>\n\t\t\t\t<\/div>\n\t\t\t\t\t<\/div>\n\t\t<\/div>\n\t\t\t\t\t<\/div>\n\t\t<\/section>\n\t\t\t\t<section class=\"elementor-section elementor-top-section elementor-element elementor-element-7438963 elementor-section-boxed elementor-section-height-default elementor-section-height-default\" data-id=\"7438963\" data-element_type=\"section\" data-settings=\"{&quot;background_background&quot;:&quot;gradient&quot;}\">\n\t\t\t\t\t\t<div class=\"elementor-container elementor-column-gap-default\">\n\t\t\t\t\t<div class=\"elementor-column elementor-col-100 elementor-top-column elementor-element elementor-element-b65a863\" data-id=\"b65a863\" data-element_type=\"column\">\n\t\t\t<div class=\"elementor-widget-wrap elementor-element-populated\">\n\t\t\t\t\t\t<div class=\"elementor-element elementor-element-a8db8ec elementor-widget elementor-widget-text-editor\" data-id=\"a8db8ec\" data-element_type=\"widget\" data-widget_type=\"text-editor.default\">\n\t\t\t\t<div class=\"elementor-widget-container\">\n\t\t\t\t\t\t\t<h1 style=\"text-align: center;\"><span style=\"color: #ffffff;\">Nuestra Tecnolog\u00eda<\/span><\/h1>\t\t\t\t\t\t<\/div>\n\t\t\t\t<\/div>\n\t\t\t\t<div class=\"elementor-element elementor-element-b50ae1d elementor-widget elementor-widget-text-editor\" data-id=\"b50ae1d\" data-element_type=\"widget\" data-widget_type=\"text-editor.default\">\n\t\t\t\t<div class=\"elementor-widget-container\">\n\t\t\t\t\t\t\t<p><span style=\"color: #ffffff;\">Tenemos tecnolog\u00eda de punta y todos nuestros productos pueden ser producidos con aditivo 100% biodegradables siendo amigables con el medio ambiente.<\/span><\/p>\t\t\t\t\t\t<\/div>\n\t\t\t\t<\/div>\n\t\t\t\t<div class=\"elementor-element elementor-element-288ddfe elementor-widget elementor-widget-the7_photo-scroller\" data-id=\"288ddfe\" data-element_type=\"widget\" data-settings=\"{&quot;autoplay&quot;:&quot;yes&quot;,&quot;autoplay_speed&quot;:5}\" data-widget_type=\"the7_photo-scroller.default\">\n\t\t\t\t<div class=\"elementor-widget-container\">\n\t\t\t\t\t<div class=\"photo-scroller the7_photo-scroller-288ddfe hide-thumbs\" data-scale=\"fill\" data-autoslide=\"true\" data-play-on-hover=\"true\" data-delay=\"5\" data-show-thumbnails=\"true\" data-thumb-position=\"inside-hidden\" data-thumb-height=\"60\" data-thumb-width=\"60\" data-transparency=\"0.15\" data-arrows=\"true\" data-arrows_tablet=\"true\" data-arrows_mobile=\"true\" data-next-icon=\"icomoon-the7-font-the7-arrow-09\" data-prev-icon=\"icomoon-the7-font-the7-arrow-08\" data-r-arrow-v-position=\"center\" data-r-arrow-h-position=\"right\" data-l-arrow-v-position=\"center\" data-l-arrow-h-position=\"left\" data-ls-fill-dt=\"fill\" data-ls-fill-tablet=\"\" data-pt-fill-dt=\"fill\" data-pt-fill-tablet=\"\" data-pt-fill-mob=\"\" data-ls-fill-mob=\"\" data-padding-top=\"0\" data-padding-bottom=\"0\" data-padding-side=\"0\" data-padding-left=\"0\" data-t-padding-top=\"0\" data-t-padding-bottom=\"0\" data-t-padding-side=\"0\" data-t-padding-left=\"0\" data-m-padding-top=\"0\" data-m-padding-bottom=\"0\" data-m-padding-side=\"0\" data-m-padding-left=\"0\" data-ls-max=\"0\" data-t-ls-max=\"0\" data-m-ls-max=\"0\" data-ls-min=\"0\" data-t-ls-min=\"0\" data-m-ls-min=\"0\" data-pt-max=\"100\" data-t-pt-max=\"0\" data-m-pt-max=\"0\" data-pt-min=\"0\" data-t-pt-min=\"0\" data-m-pt-min=\"0\" data-height=\"352\">\n\t\t\t<div class=\"photoSlider\">\n\t\t\t\t<figure data-width=\"867\" data-height=\"506\"><a href=\" https:\/\/www.plasticosmonaco.com\/wp-content\/uploads\/2020\/08\/Plasticos_monaco_intro1-1.jpg \"<a href=\"https:\/\/www.plasticosmonaco.com\/wp-content\/uploads\/2020\/08\/Plasticos_monaco_intro1-1.jpg\" class=\"post-thumbnail-rollover layzr-bg\" title=\"Plasticos_monaco_intro1\"  aria-label=\"Post image\"><img fetchpriority=\"high\" decoding=\"async\" src=\"data:image\/svg+xml,%3Csvg%20xmlns%3D&#39;http%3A%2F%2Fwww.w3.org%2F2000%2Fsvg&#39;%20viewBox%3D&#39;0%200%20867%20506&#39;%2F%3E\" data-src=\"https:\/\/www.plasticosmonaco.com\/wp-content\/uploads\/2020\/08\/Plasticos_monaco_intro1-1.jpg\" data-srcset=\"https:\/\/www.plasticosmonaco.com\/wp-content\/uploads\/2020\/08\/Plasticos_monaco_intro1-1.jpg 867w\" class=\"preload-me photo-thumb-lazy-load\" width=\"867\" height=\"506\"  alt=\"\" title=\"Plasticos_monaco_intro1\" \/><\/a><\/a><\/figure><figure data-width=\"867\" data-height=\"1156\"><a href=\" https:\/\/www.plasticosmonaco.com\/wp-content\/uploads\/2020\/08\/Plasticos_monaco_intro-1.jpeg \"<a href=\"https:\/\/www.plasticosmonaco.com\/wp-content\/uploads\/2020\/08\/Plasticos_monaco_intro-1.jpeg\" class=\"post-thumbnail-rollover layzr-bg\" title=\"Plasticos_monaco_intro\"  aria-label=\"Post image\"><img decoding=\"async\" src=\"data:image\/svg+xml,%3Csvg%20xmlns%3D&#39;http%3A%2F%2Fwww.w3.org%2F2000%2Fsvg&#39;%20viewBox%3D&#39;0%200%20867%201156&#39;%2F%3E\" data-src=\"https:\/\/www.plasticosmonaco.com\/wp-content\/uploads\/2020\/08\/Plasticos_monaco_intro-1.jpeg\" data-srcset=\"https:\/\/www.plasticosmonaco.com\/wp-content\/uploads\/2020\/08\/Plasticos_monaco_intro-1.jpeg 867w\" class=\"preload-me photo-thumb-lazy-load\" width=\"867\" height=\"1156\"  alt=\"\" title=\"Plasticos_monaco_intro\" \/><\/a><\/a><\/figure>\t\t\t<\/div>\n\t\t\t<div class=\"btn-cntr\">\n\t\t\t\t<a href=\"#\" class=\"hide-thumb-btn\"><\/a>\n\t\t\t\t<a href=\"#\" class=\"auto-play-btn\"><\/a>\n\t\t\t\t<a href=\"#\" class=\"full-screen-btn\"><\/a>\n\t\t\t<\/div>\n\t\t<\/div>\n\t\t\t\t<\/div>\n\t\t\t\t<\/div>\n\t\t\t\t<div class=\"elementor-element elementor-element-2b750a8 elementor-widget-divider--view-line elementor-widget elementor-widget-divider\" data-id=\"2b750a8\" data-element_type=\"widget\" data-widget_type=\"divider.default\">\n\t\t\t\t<div class=\"elementor-widget-container\">\n\t\t\t\t\t<div class=\"elementor-divider\">\n\t\t\t<span class=\"elementor-divider-separator\">\n\t\t\t\t\t\t<\/span>\n\t\t<\/div>\n\t\t\t\t<\/div>\n\t\t\t\t<\/div>\n\t\t\t\t<div class=\"elementor-element elementor-element-ef083cc elementor-widget elementor-widget-text-editor\" data-id=\"ef083cc\" data-element_type=\"widget\" data-widget_type=\"text-editor.default\">\n\t\t\t\t<div class=\"elementor-widget-container\">\n\t\t\t\t\t\t\t<h1 style=\"text-align: center;\"><span style=\"color: #ffffff;\">Nuestras Certificaciones<\/span><\/h1>\t\t\t\t\t\t<\/div>\n\t\t\t\t<\/div>\n\t\t\t\t\t<\/div>\n\t\t<\/div>\n\t\t\t\t\t<\/div>\n\t\t<\/section>\n\t\t\t\t<section class=\"elementor-section elementor-top-section elementor-element elementor-element-fba0d34 elementor-section-boxed elementor-section-height-default elementor-section-height-default\" data-id=\"fba0d34\" data-element_type=\"section\" data-settings=\"{&quot;background_background&quot;:&quot;gradient&quot;}\">\n\t\t\t\t\t\t<div class=\"elementor-container elementor-column-gap-default\">\n\t\t\t\t\t<div class=\"elementor-column elementor-col-25 elementor-top-column elementor-element elementor-element-5d707f9\" data-id=\"5d707f9\" data-element_type=\"column\">\n\t\t\t<div class=\"elementor-widget-wrap elementor-element-populated\">\n\t\t\t\t\t\t<div class=\"elementor-element elementor-element-e9e2073 elementor-widget elementor-widget-image\" data-id=\"e9e2073\" data-element_type=\"widget\" data-widget_type=\"image.default\">\n\t\t\t\t<div class=\"elementor-widget-container\">\n\t\t\t\t\t\t\t\t\t\t\t\t\t<img decoding=\"async\" width=\"796\" height=\"281\" src=\"https:\/\/www.plasticosmonaco.com\/wp-content\/uploads\/2020\/08\/SGS.png\" class=\"attachment-large size-large wp-image-117\" alt=\"\" srcset=\"https:\/\/www.plasticosmonaco.com\/wp-content\/uploads\/2020\/08\/SGS.png 796w, https:\/\/www.plasticosmonaco.com\/wp-content\/uploads\/2020\/08\/SGS-600x212.png 600w, https:\/\/www.plasticosmonaco.com\/wp-content\/uploads\/2020\/08\/SGS-300x106.png 300w, https:\/\/www.plasticosmonaco.com\/wp-content\/uploads\/2020\/08\/SGS-768x271.png 768w\" sizes=\"(max-width: 796px) 100vw, 796px\" \/>\t\t\t\t\t\t\t\t\t\t\t\t\t<\/div>\n\t\t\t\t<\/div>\n\t\t\t\t\t<\/div>\n\t\t<\/div>\n\t\t\t\t<div class=\"elementor-column elementor-col-25 elementor-top-column elementor-element elementor-element-a5ad0e8\" data-id=\"a5ad0e8\" data-element_type=\"column\">\n\t\t\t<div class=\"elementor-widget-wrap\">\n\t\t\t\t\t\t\t<\/div>\n\t\t<\/div>\n\t\t\t\t<div class=\"elementor-column elementor-col-25 elementor-top-column elementor-element elementor-element-21e89c0\" data-id=\"21e89c0\" data-element_type=\"column\">\n\t\t\t<div class=\"elementor-widget-wrap\">\n\t\t\t\t\t\t\t<\/div>\n\t\t<\/div>\n\t\t\t\t<div class=\"elementor-column elementor-col-25 elementor-top-column elementor-element elementor-element-e5183ac\" data-id=\"e5183ac\" data-element_type=\"column\">\n\t\t\t<div class=\"elementor-widget-wrap\">\n\t\t\t\t\t\t\t<\/div>\n\t\t<\/div>\n\t\t\t\t\t<\/div>\n\t\t<\/section>\n\t\t\t\t<\/div>\n\t\t","protected":false},"excerpt":{"rendered":"<p>Misi\u00f3n Producir y comercializar productos pl\u00e1sticos a nivel nacional el internacional dentro de un mercado competitivo buscando la satisfacci\u00f3n el cliente logrando productos de la m\u00e1s alta calidad. Visi\u00f3n Fortalecer el liderazgo de la compa\u00f1\u00eda ofreciendo una gran variedad de productos aumentando la cobertura de clientes obteniendo un crecimiento de las ventas y una concientizaci\u00f3n&hellip;<\/p>\n","protected":false},"author":1,"featured_media":0,"parent":0,"menu_order":0,"comment_status":"closed","ping_status":"closed","template":"","meta":{"give_campaign_id":0},"class_list":["post-29","page","type-page","status-publish","hentry","description-off"],"campaignId":"","_links":{"self":[{"href":"https:\/\/www.plasticosmonaco.com\/inicio\/wp-json\/wp\/v2\/pages\/29","targetHints":{"allow":["GET"]}}],"collection":[{"href":"https:\/\/www.plasticosmonaco.com\/inicio\/wp-json\/wp\/v2\/pages"}],"about":[{"href":"https:\/\/www.plasticosmonaco.com\/inicio\/wp-json\/wp\/v2\/types\/page"}],"author":[{"embeddable":true,"href":"https:\/\/www.plasticosmonaco.com\/inicio\/wp-json\/wp\/v2\/users\/1"}],"replies":[{"embeddable":true,"href":"https:\/\/www.plasticosmonaco.com\/inicio\/wp-json\/wp\/v2\/comments?post=29"}],"version-history":[{"count":10,"href":"https:\/\/www.plasticosmonaco.com\/inicio\/wp-json\/wp\/v2\/pages\/29\/revisions"}],"predecessor-version":[{"id":144,"href":"https:\/\/www.plasticosmonaco.com\/inicio\/wp-json\/wp\/v2\/pages\/29\/revisions\/144"}],"wp:attachment":[{"href":"https:\/\/www.plasticosmonaco.com\/inicio\/wp-json\/wp\/v2\/media?parent=29"}],"curies":[{"name":"wp","href":"https:\/\/api.w.org\/{rel}","templated":true}]}}